{"id":2606,"date":"2023-01-18T20:13:18","date_gmt":"2023-01-18T20:13:18","guid":{"rendered":"https:\/\/talaverasandiego.com\/?post_type=product&#038;p=2606"},"modified":"2024-02-10T19:37:56","modified_gmt":"2024-02-10T19:37:56","slug":"vajilla-completa-diseno-1","status":"publish","type":"product","link":"https:\/\/talaverasandiego.com\/index.php\/producto\/vajilla-completa-diseno-1\/","title":{"rendered":"Vajilla Completa Dise\u00f1o 1"},"content":{"rendered":"<p>Vajilla Completa Dise\u00f1o 1. Incluye todo lo de la imagen. Tenemos m\u00e1s dise\u00f1os, puedes verlos en esta misma categor\u00eda. Se puede adaptar a las personas que tu nos indiques.<\/p>\n","protected":false},"excerpt":{"rendered":"<p>Vajilla Completa Dise\u00f1o 1. Incluye todo lo de la imagen. Tenemos m\u00e1s dise\u00f1os, puedes verlos en esta misma categor\u00eda. Se puede adaptar a las personas que tu nos indiques.<\/p>\n<p>La Vajilla Completa Incluye:<br \/>\n&#8211; 6 platos de 25 cm<br \/>\n&#8211; 6 platos de 25 cm<br \/>\n&#8211; 6 platos de 20 cm<br \/>\n&#8211; 6 platos soperos<br \/>\n&#8211; 6 platos postre de 17 cm<br \/>\n&#8211; 6 tazas de caf\u00e9<br \/>\n&#8211; 6 platos de caf\u00e9<br \/>\n&#8211; 6 tazones de consom\u00e9<br \/>\n&#8211; Sopera<br \/>\n&#8211;\u00a0 Jarra<br \/>\n&#8211; Cafetera<br \/>\n&#8211; Cremera<br \/>\n&#8211; Azucarera<br \/>\n&#8211; Salsera<br \/>\n&#8211; Charola ovalada<br \/>\n&#8211; Charola ensaladera<br \/>\n&#8211; Plat\u00f3n ovalado<\/p>\n<p>Importante: Las vajillas pueden ser para 4, 6, 8 y 12 personas, y se puede armar con piezas a elegir.<\/p>\n","protected":false},"featured_media":2600,"comment_status":"open","ping_status":"closed","template":"","meta":{"site-sidebar-layout":"default","site-content-layout":"default","ast-site-content-layout":"","site-content-style":"default","site-sidebar-style":"default","ast-global-header-display":"","ast-banner-title-visibility":"","ast-main-header-display":"","ast-hfb-above-header-display":"","ast-hfb-below-header-display":"","ast-hfb-mobile-header-display":"","site-post-title":"","ast-breadcrumbs-content":"","ast-featured-img":"","footer-sml-layout":"","theme-transparent-header-meta":"default","adv-header-id-meta":"","stick-header-meta":"","header-above-stick-meta":"","header-main-stick-meta":"","header-below-stick-meta":"","astra-migrate-meta-layouts":"default","ast-page-background-enabled":"default","ast-page-background-meta":{"desktop":{"background-color":"","background-image":"","background-repeat":"repeat","background-position":"center center","background-size":"auto","background-attachment":"scroll","background-type":"","background-media":"","overlay-type":"","overlay-color":"","overlay-opacity":"","overlay-gradient":""},"tablet":{"background-color":"","background-image":"","background-repeat":"repeat","background-position":"center center","background-size":"auto","background-attachment":"scroll","background-type":"","background-media":"","overlay-type":"","overlay-color":"","overlay-opacity":"","overlay-gradient":""},"mobile":{"background-color":"","background-image":"","background-repeat":"repeat","background-position":"center center","background-size":"auto","background-attachment":"scroll","background-type":"","background-media":"","overlay-type":"","overlay-color":"","overlay-opacity":"","overlay-gradient":""}},"ast-content-background-meta":{"desktop":{"background-color":"var(--ast-global-color-5)","background-image":"","background-repeat":"repeat","background-position":"center center","background-size":"auto","background-attachment":"scroll","background-type":"","background-media":"","overlay-type":"","overlay-color":"","overlay-opacity":"","overlay-gradient":""},"tablet":{"background-color":"var(--ast-global-color-5)","background-image":"","background-repeat":"repeat","background-position":"center center","background-size":"auto","background-attachment":"scroll","background-type":"","background-media":"","overlay-type":"","overlay-color":"","overlay-opacity":"","overlay-gradient":""},"mobile":{"background-color":"var(--ast-global-color-5)","background-image":"","background-repeat":"repeat","background-position":"center center","background-size":"auto","background-attachment":"scroll","background-type":"","background-media":"","overlay-type":"","overlay-color":"","overlay-opacity":"","overlay-gradient":""}}},"product_cat":[28],"product_tag":[],"_links":{"self":[{"href":"https:\/\/talaverasandiego.com\/index.php\/wp-json\/wp\/v2\/product\/2606"}],"collection":[{"href":"https:\/\/talaverasandiego.com\/index.php\/wp-json\/wp\/v2\/product"}],"about":[{"href":"https:\/\/talaverasandiego.com\/index.php\/wp-json\/wp\/v2\/types\/product"}],"replies":[{"embeddable":true,"href":"https:\/\/talaverasandiego.com\/index.php\/wp-json\/wp\/v2\/comments?post=2606"}],"wp:featuredmedia":[{"embeddable":true,"href":"https:\/\/talaverasandiego.com\/index.php\/wp-json\/wp\/v2\/media\/2600"}],"wp:attachment":[{"href":"https:\/\/talaverasandiego.com\/index.php\/wp-json\/wp\/v2\/media?parent=2606"}],"wp:term":[{"taxonomy":"product_cat","embeddable":true,"href":"https:\/\/talaverasandiego.com\/index.php\/wp-json\/wp\/v2\/product_cat?post=2606"},{"taxonomy":"product_tag","embeddable":true,"href":"https:\/\/talaverasandiego.com\/index.php\/wp-json\/wp\/v2\/product_tag?post=2606"}],"curies":[{"name":"wp","href":"https:\/\/api.w.org\/{rel}","templated":true}]}}